{"id":702,"date":"2022-04-04T10:43:31","date_gmt":"2022-04-04T13:43:31","guid":{"rendered":"https:\/\/biotasintese.iea.usp.br\/?page_id=702"},"modified":"2022-05-13T00:24:32","modified_gmt":"2022-05-13T03:24:32","slug":"nature-based-solutions","status":"publish","type":"page","link":"https:\/\/biotasintese.iea.usp.br\/pt\/nature-based-solutions\/","title":{"rendered":"Solu\u00e7\u00f5es Baseadas na Natureza"},"content":{"rendered":"<div class=\"wpb-content-wrapper\"><div class=\"vc_row wpb_row top-row porto-inner-container wpb_custom_034b39d9bc6c6b310d69e39f0ccf274f\"><div class=\"porto-wrap-container container\"><div class=\"row\"><div class=\"vc_column_container col-md-12\"><div class=\"wpb_wrapper vc_column-inner\"><h2  data-appear-animation=\"fadeIn\" data-appear-animation-delay=\"400\" data-appear-animation-duration=\"3000\" class=\"vc_custom_heading vc_do_custom_heading wpb_custom_aa365bd5046e8294520b4e73732b9d15 align-left\" >Conceitos e defini\u00e7\u00f5es<\/h2>\r\n\t<div class=\"wpb_text_column wpb_content_element wpb_custom_7c91d232724f73626cc933bd95b25ff0\" >\r\n\t\t<div class=\"wpb_wrapper\">\r\n\t\t\t<p>Muitos problemas socioambientais podem ser resolvidos de forma mais eficiente e menos onerosa por meio do que tem sido chamado de <strong>\u201csolu\u00e7\u00f5es baseadas na natureza\u201d<\/strong> (SBN). A Uni\u00e3o Europeia, que vem promovendo fortemente este tipo de solu\u00e7\u00e3o atrav\u00e9s do programa de investiga\u00e7\u00e3o e inova\u00e7\u00e3o \u201cHorizon 2020\u201d, define SBN como \u201csolu\u00e7\u00f5es inspiradas, apoiadas ou copiadas da natureza, concebidas para enfrentar os desafios da sociedade de forma eficaz e a baixo custo, proporcionando simultaneamente benef\u00edcios ambientais, sociais e econ\u00f4micos e ajudando a construir sistemas resilientes\u201d.<\/p>\n<p>As SBNs incorporam nas solu\u00e7\u00f5es socioambientais os benef\u00edcios que a natureza pode proporcionar \u00e0s pessoas, conhecidos como \u201cservi\u00e7os ecossist\u00eamicos\u201d ou \u201ccontribui\u00e7\u00f5es da natureza para as pessoas\u201d. Esses servi\u00e7os ou contribui\u00e7\u00f5es envolvem bens materiais (por exemplo, \u00e1gua, madeira, fibras, frutas), servi\u00e7os de regula\u00e7\u00e3o (clima, \u00e1gua, poliniza\u00e7\u00e3o, controle de pragas, doen\u00e7as, enchentes e deslizamentos de terra, entre outros) e servi\u00e7os culturais (recrea\u00e7\u00e3o e atividade, contempla\u00e7\u00e3o e aprecia\u00e7\u00e3o est\u00e9tica, experi\u00eancia espiritual). Uma vez que a presta\u00e7\u00e3o desses servi\u00e7os gera benef\u00edcios, por exemplo, aumentando a colheita (por exemplo, por meio de poliniza\u00e7\u00e3o ou controle de pragas), ou simplesmente evitando custos de reparo ou restaura\u00e7\u00e3o (por exemplo, reduzindo danos causados por enchentes e deslizamentos de terra), os SBNs geralmente s\u00e3o mais eficientes e menos dispendiosas do que solu\u00e7\u00f5es que dependem exclusivamente de infraestrutura constru\u00edda.<\/p>\n<p>SBN pode ser entendido como um termo guarda-chuva, que abrange v\u00e1rias a\u00e7\u00f5es ou iniciativas ambientais, como restaura\u00e7\u00e3o de paisagens florestais, adapta\u00e7\u00e3o \u00e0s mudan\u00e7as clim\u00e1ticas baseada em ecossistemas, restaura\u00e7\u00e3o ecol\u00f3gica e prote\u00e7\u00e3o de unidades de conserva\u00e7\u00e3o. Essas a\u00e7\u00f5es ocorrem em diferentes escalas e em diferentes ambientes, desde telhados verdes e biovalhas em ecossistemas urbanos, at\u00e9 a implanta\u00e7\u00e3o de novas \u00e1reas \u00famidas ou a restaura\u00e7\u00e3o de extensas \u00e1reas de vegeta\u00e7\u00e3o nativa em ambientes rurais.<\/p>\n<p>Como a oferta integral de muitos dos benef\u00edcios incorporados na SBN est\u00e1 relacionada \u00e0 biodiversidade, <em>h\u00e1 uma clara depend\u00eancia entre a integridade dos ecossistemas, a conserva\u00e7\u00e3o da biodiversidade e o bem-estar humano <\/em>proporcionado por esse tipo de solu\u00e7\u00e3o.<em>.<\/em><\/p>\n\r\n\t\t<\/div>\r\n\t<\/div>\r\n<\/div><\/div><\/div><\/div><\/div><div data-vc-parallax=\"1.5\" data-vc-parallax-image=\"https:\/\/biotasintese.iea.usp.br\/wp-content\/uploads\/2022\/05\/BIOTA-FAPESP-Nature-based-solutions-fundo-paralaxe-3.jpg\" class=\"vc_row wpb_row top-row custom-parallax-section vc_custom_1652412250810 vc_row-has-fill vc_general vc_parallax vc_parallax-content-moving porto-inner-container wpb_custom_034b39d9bc6c6b310d69e39f0ccf274f\"><div class=\"porto-wrap-container container\"><div class=\"row\"><div class=\"vc_column_container col-md-12 col-lg-6 vc_custom_1640707804563\"><div class=\"wpb_wrapper vc_column-inner\">\n\t<div class=\"wpb_raw_code wpb_raw_html wpb_content_element mb-0\" >\n\t\t<div class=\"wpb_wrapper\">\n\t\t\t<svg class=\"custom-svg-background-1 z-index-1\" version=\"1.1\" xmlns=\"http:\/\/www.w3.org\/2000\/svg\" xmlns:xlink=\"http:\/\/www.w3.org\/1999\/xlink\" x=\"0px\" y=\"0px\" viewbox=\"0 0 1920 537\">\n\t\t\t\t\t\t<path fill=\"#f4f4f4\" d=\"M964.33,189.3L1110.08,0H0v537h1338.31L972.96,255.7C952.24,239.74,948.38,210.02,964.33,189.3z\"><\/path>\n\t\t\t\t\t\t<path class=\"appear-animation animated\" data-appear-animation=\"customLineAnim2\" data-appear-animation-delay=\"500\" data-appear-animation-duration=\"5s\" data-plugin-options=\"{'accY': -400}\" fill=\"none\" stroke=\"#b1efff\" stroke-width=\"2\" stroke-miterlimit=\"10\" d=\"M1854.35,105.63l-485.31-340.84c-18.3-12.85-43.56-8.44-56.42,9.86L971.79,259.96\t\t\t\t\t\t\tc-12.85,18.3-8.44,43.56,9.86,56.42l485.31,340.84c18.3,12.85,43.56,8.44,56.42-9.86l340.84-485.31\t\t\t\t\t\t\tC1877.07,143.74,1872.65,118.48,1854.35,105.63z\"><\/path>\n\t\t\t\t\t<\/svg>\n\t\t<\/div>\n\t<\/div>\n<h2  data-appear-animation=\"fadeInLeft\" data-appear-animation-delay=\"750\" class=\"vc_custom_heading vc_do_custom_heading position-relative z-index-1 mb-0 wpb_custom_aa365bd5046e8294520b4e73732b9d15 align-left\" >SBN no projeto Biota S\u00edntese<\/h2><div class=\"porto-separator   custom-separator customLineProgressAnim mb-2 pb-1 position-relative z-index-1 pt-1\"><hr class=\"separator-line  vc_custom_1649105660771 wpb_content_element wpb_animate_when_almost_visible wpb_left-to-right left-to-right align_left solid\" style=\"background-color:#b1efff;height:4px;\"><\/div><p style=\"font-size: 15.4px;line-height: 26px;font-weight:300;letter-spacing:0\" data-appear-animation=\"fadeInUp\" data-appear-animation-delay=\"450\" class=\"vc_custom_heading vc_do_custom_heading position-relative z-index-1 pb-3 pe-5 me-md-5 me-lg-4 mb-4 vc_custom_1649105806619 wpb_custom_aa365bd5046e8294520b4e73732b9d15 align-left\" >O projeto Biota S\u00edntese trabalhar\u00e1 em estreita colabora\u00e7\u00e3o com o governo do estado de S\u00e3o Paulo e outros atores sociais para propor ou desenvolver NBSs relacionados ao desenvolvimento de pr\u00e1ticas agr\u00edcolas sustent\u00e1veis, redu\u00e7\u00e3o da dispers\u00e3o de algumas zoonoses e controle ou preven\u00e7\u00e3o de doen\u00e7as cr\u00f4nicas n\u00e3o comunic\u00e1veis (por exemplo, hipertens\u00e3o, diabetes e doen\u00e7as respirat\u00f3rias cr\u00f4nicas) e transtornos mentais comuns (por exemplo, crises de ansiedade e depress\u00e3o) em ambientes urbanos. Consideraremos particularmente as a\u00e7\u00f5es de restaura\u00e7\u00e3o e seus benef\u00edcios em paisagens rurais e os efeitos da infraestrutura verde na sa\u00fade humana em \u00e1reas urbanas.<\/p><\/div><\/div><\/div><\/div><\/div>\n<\/div>","protected":false},"excerpt":{"rendered":"Concepts and definitions Many socio-environmental problems can be solved more efficiently and less costly through what has been called \u201cnature-based solutions\u201d (NBS). The European Union, which has been strongly promoting this type of solution through the \u201cHorizon 2020\u201d research and innovation program, defines NBS as \u201csolutions inspired by, supported by or copied from nature, designed [...]","protected":false},"author":1,"featured_media":0,"parent":0,"menu_order":0,"comment_status":"closed","ping_status":"closed","template":"","meta":{"footnotes":""},"class_list":["post-702","page","type-page","status-publish","hentry"],"aioseo_notices":[],"_links":{"self":[{"href":"https:\/\/biotasintese.iea.usp.br\/pt\/wp-json\/wp\/v2\/pages\/702","targetHints":{"allow":["GET"]}}],"collection":[{"href":"https:\/\/biotasintese.iea.usp.br\/pt\/wp-json\/wp\/v2\/pages"}],"about":[{"href":"https:\/\/biotasintese.iea.usp.br\/pt\/wp-json\/wp\/v2\/types\/page"}],"author":[{"embeddable":true,"href":"https:\/\/biotasintese.iea.usp.br\/pt\/wp-json\/wp\/v2\/users\/1"}],"replies":[{"embeddable":true,"href":"https:\/\/biotasintese.iea.usp.br\/pt\/wp-json\/wp\/v2\/comments?post=702"}],"version-history":[{"count":5,"href":"https:\/\/biotasintese.iea.usp.br\/pt\/wp-json\/wp\/v2\/pages\/702\/revisions"}],"predecessor-version":[{"id":1212,"href":"https:\/\/biotasintese.iea.usp.br\/pt\/wp-json\/wp\/v2\/pages\/702\/revisions\/1212"}],"wp:attachment":[{"href":"https:\/\/biotasintese.iea.usp.br\/pt\/wp-json\/wp\/v2\/media?parent=702"}],"curies":[{"name":"wp","href":"https:\/\/api.w.org\/{rel}","templated":true}]}}