{"id":700,"date":"2022-04-04T10:43:05","date_gmt":"2022-04-04T13:43:05","guid":{"rendered":"https:\/\/biotasintese.iea.usp.br\/?page_id=700"},"modified":"2022-10-25T11:17:21","modified_gmt":"2022-10-25T14:17:21","slug":"synthesis-science","status":"publish","type":"page","link":"https:\/\/biotasintese.iea.usp.br\/pt\/synthesis-science\/","title":{"rendered":"Ci\u00eancia de S\u00edntese"},"content":{"rendered":"<div class=\"wpb-content-wrapper\"><div class=\"vc_row wpb_row top-row vc_custom_1649106344515 porto-inner-container wpb_custom_034b39d9bc6c6b310d69e39f0ccf274f\"><div class=\"porto-wrap-container container\"><div class=\"row\"><div class=\"vc_column_container col-md-6\"><div class=\"wpb_wrapper vc_column-inner\"><h2 style=\"font-size: 2em\" class=\"vc_custom_heading vc_do_custom_heading wpb_custom_aa365bd5046e8294520b4e73732b9d15 align-left\" >O que \u00e9 Ci\u00eancia de S\u00edntese?<\/h2><p style=\"font-size: 1.2em\" class=\"vc_custom_heading vc_do_custom_heading wpb_custom_aa365bd5046e8294520b4e73732b9d15 align-left\" >O N\u00facleo adotar\u00e1 uma abordagem de \"ci\u00eancia da s\u00edntese\", que integra diversos conhecimentos cient\u00edficos, m\u00e9todos e perspectivas, visando a an\u00e1lise, sistematiza\u00e7\u00e3o, reorganiza\u00e7\u00e3o ou recontextualiza\u00e7\u00e3o de dados e informa\u00e7\u00f5es j\u00e1 dispon\u00edveis, para produzir novos conhecimentos.<\/p>\r\n\t<div class=\"wpb_text_column wpb_content_element wpb_custom_7c91d232724f73626cc933bd95b25ff0\" >\r\n\t\t<div class=\"wpb_wrapper\">\r\n\t\t\t<p>Promoveremos e daremos suporte a uma abordagem de pesquisa inter ou transdisciplinar, com a cria\u00e7\u00e3o de grupos de trabalho heterog\u00eaneos e colaborativos, que se reunir\u00e3o periodicamente de forma imersiva para discuss\u00f5es de brainstorming. Essas reuni\u00f5es ser\u00e3o intercaladas com a an\u00e1lise e modelagem das bases de dados existentes.<\/p>\n<p>Esta abordagem de pesquisa baseia-se em outros centros de s\u00edntese da Europa e EUA, que s\u00e3o considerados \"incubadoras cient\u00edficas\", pois fornecem oportunidades e facilidades para a explora\u00e7\u00e3o de ideias novas e mais arriscadas. A ideia \u00e9 fornecer condi\u00e7\u00f5es para o surgimento de novas ideias, criando condi\u00e7\u00f5es para o pensamento criativo e associativo, e a fertiliza\u00e7\u00e3o cruzada de ideias entre \u00e1reas do conhecimento.<\/p>\n<p>No caso espec\u00edfico do \"BIOTA S\u00cdNTESE\", focaremos na s\u00edntese de dados que aproximem a ci\u00eancia e os tomadores de decis\u00e3o na \u00e1rea socioambiental, para apoiar a\u00e7\u00f5es p\u00fablicas ou pol\u00edticas que abordam os desafios da sociedade relacionados ao meio ambiente e \u00e0 sa\u00fade humana, conforme expresso nas demandas das Secretarias estaduais de S\u00e3o Paulo.<\/p>\n\r\n\t\t<\/div>\r\n\t<\/div>\r\n<\/div><\/div><div class=\"vc_column_container col-md-6\"><div class=\"wpb_wrapper vc_column-inner\">\r\n\t<div class=\"wpb_text_column wpb_content_element wpb_custom_7c91d232724f73626cc933bd95b25ff0\" >\r\n\t\t<div class=\"wpb_wrapper\">\r\n\t\t\t<p>Assim, caracteriza-se a pesquisa dentro do BIOTA S\u00cdNTESE:<\/p>\n<ul>\n<li><strong>uma <em>abordagem transdisciplinar<\/em><\/strong>, que integra n\u00e3o apenas uma diversidade de \u00e1reas do conhecimento cient\u00edfico (por exemplo, ecologia, medicina, sociologia, economia, pol\u00edticas p\u00fablicas, climatologia), mas tamb\u00e9m as pr\u00e1ticas, percep\u00e7\u00f5es, ideias e conhecimentos emp\u00edricos de tomadores de decis\u00e3o, atores institucionais e atores locais;<\/li>\n<li><strong>uma <em>perspectiva colaborativa e co-participativa<\/em><\/strong>, que permite potencializar a diversidade de saberes e pr\u00e1ticas em todas as fases do projeto (da concep\u00e7\u00e3o ao desenvolvimento e dissemina\u00e7\u00e3o da pesquisa) e, assim, aumentar as chances de sinergias positivas entre os atores;<\/li>\n<li><strong><em>ser guiado por grandes miss\u00f5es<\/em><\/strong> (neste caso, paisagens rurais e urbanas sustent\u00e1veis) e por desafios claramente definidos baseados em problemas reais de relev\u00e2ncia socioambiental, assim, a Biota S\u00edntese caracteriza-se como um n\u00facleo de pesquisa e an\u00e1lise orientada a problemas de solu\u00e7\u00f5es baseadas na natureza.<\/li>\n<\/ul>\n\r\n\t\t<\/div>\r\n\t<\/div>\r\n\r\n\t<div class=\"wpb_single_image wpb_content_element vc_align_right wpb_content_element  vc_custom_1652412078489 wpb_custom_81a4f7ef9830bf958462581aa01150fb\" data-appear-animation=\"fadeInUp\" data-appear-animation-delay=\"400\" data-appear-animation-duration=\"2000\"><div class=\"wpb_wrapper\">\r\n\t\t\t\r\n\t\t\t<div class=\"vc_single_image-wrapper vc_box_border  vc_box_border_mulled_wine\"><img loading=\"lazy\" decoding=\"async\" width=\"500\" height=\"333\" src=\"https:\/\/biotasintese.iea.usp.br\/wp-content\/uploads\/2022\/05\/BIOTA-SINTESE-o-que-e-synthesis-science.jpg\" class=\"vc_single_image-img attachment-full\" alt=\"\" title=\"BIOTA SINTESE - o que e synthesis science\" srcset=\"https:\/\/biotasintese.iea.usp.br\/wp-content\/uploads\/2022\/05\/BIOTA-SINTESE-o-que-e-synthesis-science.jpg 500w, https:\/\/biotasintese.iea.usp.br\/wp-content\/uploads\/2022\/05\/BIOTA-SINTESE-o-que-e-synthesis-science-400x266.jpg 400w\" sizes=\"auto, (max-width: 500px) 100vw, 500px\" \/><\/div>\r\n\t\t<\/div>\r\n\t<\/div>\r\n<\/div><\/div><\/div><\/div><\/div>\n<\/div>","protected":false},"excerpt":{"rendered":"What is synthesis science?The Nucleus will follow adopt a \u201csynthesis science\u201d approach, that integrates diverse scientific knowledge, methods, and perspectives, aimed at the analysis, systematization, reorganization, or recontextualization of already available data and information, to produce new knowledge. We will promote and support an inter or transdisciplinary research approach, with the establishment of heterogeneous and [...]","protected":false},"author":1,"featured_media":0,"parent":0,"menu_order":0,"comment_status":"closed","ping_status":"closed","template":"","meta":{"footnotes":""},"class_list":["post-700","page","type-page","status-publish","hentry"],"aioseo_notices":[],"_links":{"self":[{"href":"https:\/\/biotasintese.iea.usp.br\/pt\/wp-json\/wp\/v2\/pages\/700","targetHints":{"allow":["GET"]}}],"collection":[{"href":"https:\/\/biotasintese.iea.usp.br\/pt\/wp-json\/wp\/v2\/pages"}],"about":[{"href":"https:\/\/biotasintese.iea.usp.br\/pt\/wp-json\/wp\/v2\/types\/page"}],"author":[{"embeddable":true,"href":"https:\/\/biotasintese.iea.usp.br\/pt\/wp-json\/wp\/v2\/users\/1"}],"replies":[{"embeddable":true,"href":"https:\/\/biotasintese.iea.usp.br\/pt\/wp-json\/wp\/v2\/comments?post=700"}],"version-history":[{"count":6,"href":"https:\/\/biotasintese.iea.usp.br\/pt\/wp-json\/wp\/v2\/pages\/700\/revisions"}],"predecessor-version":[{"id":1082,"href":"https:\/\/biotasintese.iea.usp.br\/pt\/wp-json\/wp\/v2\/pages\/700\/revisions\/1082"}],"wp:attachment":[{"href":"https:\/\/biotasintese.iea.usp.br\/pt\/wp-json\/wp\/v2\/media?parent=700"}],"curies":[{"name":"wp","href":"https:\/\/api.w.org\/{rel}","templated":true}]}}