{"id":31,"date":"2021-02-10T02:39:09","date_gmt":"2021-02-10T02:39:09","guid":{"rendered":"http:\/\/sw-themes.com\/porto_dummy\/?page_id=31"},"modified":"2024-12-16T16:20:05","modified_gmt":"2024-12-16T19:20:05","slug":"about-the-project","status":"publish","type":"page","link":"https:\/\/biotasintese.iea.usp.br\/pt\/about-the-project\/","title":{"rendered":"Apresenta\u00e7\u00e3o BIOTA S\u00cdNTESE"},"content":{"rendered":"<div class=\"wpb-content-wrapper\"><div class=\"vc_row wpb_row row top-row pt-3 mt-4 wpb_custom_034b39d9bc6c6b310d69e39f0ccf274f\"><div class=\"vc_column_container col-md-12\"><div class=\"wpb_wrapper vc_column-inner\"><div class=\"vc_row wpb_row vc_inner m-b-lg pb-2 mx-0\"><div class=\"porto-wrap-container container\"><div class=\"row\"><div class=\"vc_column_container col-md-12 col-lg-7\"><div class=\"wpb_wrapper vc_column-inner\">\r\n\t<div class=\"wpb_text_column wpb_content_element wpb_custom_7c91d232724f73626cc933bd95b25ff0\" >\r\n\t\t<div class=\"wpb_wrapper\">\r\n\t\t\t<div class=\"wpb_text_column wpb_content_element wpb_custom_7c91d232724f73626cc933bd95b25ff0\">\n<div class=\"wpb_wrapper\">\n<p class=\"vc_custom_heading vc_do_custom_heading wpb_custom_aa365bd5046e8294520b4e73732b9d15 align-left\">The \u201cNucleus of Analysis and Synthesis of Nature-based Solutions\u201d (Biota Synthesis) will support the state of\u00a0<a href=\"http:\/\/iea.usp.br\/\">S\u00e3o Paulo<\/a> in the development of socio-environmental public policies related to agricultural sustainability, ecological restoration, zoonosis control, and disease prevention in urban areas, considering essentially nature-based solutions.<\/p>\n<p class=\"vc_custom_heading vc_do_custom_heading wpb_custom_aa365bd5046e8294520b4e73732b9d15 align-left\">O N\u00facleo re\u00fane pesquisadores de 5 Universidades, 7 Institutos de Pesquisa do estado de S\u00e3o Paulo e 4 Organiza\u00e7\u00f5es n\u00e3o Governamentais, al\u00e9m de t\u00e9cnicos e tomadores de decis\u00e3o das Secretarias Estaduais do Meio Ambiente, Infraestrutura e Log\u00edstica, Sa\u00fade P\u00fablica e Agricultura. O N\u00facleo fica sediado no Instituto de Estudos Avan\u00e7ados da Universidade de S\u00e3o Paulo, na cidade de S\u00e3o Paulo (SP), Brasil.<\/p>\n<p class=\"vc_custom_heading vc_do_custom_heading wpb_custom_aa365bd5046e8294520b4e73732b9d15 align-left\">Este N\u00facleo \u00e9 financiado pela Funda\u00e7\u00e3o de Amparo \u00e0 Pesquisa do Estado de S\u00e3o Paulo, FAPESP, por 5 anos, de 2022 a 2026.<\/p>\n<\/div>\n<\/div>\n<p><strong>Learn more:<\/strong><\/p>\n<p>White Paper &#8220;<a href=\"https:\/\/www.sciencedirect.com\/science\/article\/pii\/S2530064424000543\">Guiding transdisciplinary synthesis processes for social-ecological policy decisions<\/a>&#8220;<\/p>\n<p class=\"vc_custom_heading vc_do_custom_heading wpb_custom_aa365bd5046e8294520b4e73732b9d15 align-left\">Video produced by the University of Montpellier where the director of Biota Synthesis presents the project:<\/p>\n\r\n\t\t<\/div>\r\n\t<\/div>\r\n\n\t<div class=\"wpb_video_widget wpb_content_element vc_clearfix   vc_video-aspect-ratio-169 vc_video-el-width-100 vc_video-align-left\" >\n\t\t<div class=\"wpb_wrapper\">\n\t\t\t\n\t\t\t<div class=\"wpb_video_wrapper\"><iframe loading=\"lazy\" title=\"Jean Paul Metzger\" width=\"500\" height=\"281\" src=\"https:\/\/www.youtube.com\/embed\/zsZ36S81kZg?feature=oembed\" frameborder=\"0\" allow=\"accelerometer; autoplay; clipboard-write; encrypted-media; gyroscope; picture-in-picture; web-share\" referrerpolicy=\"strict-origin-when-cross-origin\" allowfullscreen><\/iframe><\/div>\n\t\t<\/div>\n\t<\/div>\n<\/div><\/div><div class=\"ms-auto pt-4 pt-5 pt-lg-4 pb-5 vc_column_container col-md-10 col-lg-4 col-10\"><div class=\"wpb_wrapper vc_column-inner\">\r\n\t<div class=\"wpb_single_image wpb_content_element vc_align_left wpb_content_element   p-0 mt-5 mb-5 custom-generic-pos-1 custom-box-shadow-3 wpb_custom_81a4f7ef9830bf958462581aa01150fb\" data-appear-animation=\"fadeIn\" data-appear-animation-delay=\"200\"><div class=\"wpb_wrapper\">\r\n\t\t\t\r\n\t\t\t<div class=\"vc_single_image-wrapper   vc_box_border_grey\"><img loading=\"lazy\" decoding=\"async\" width=\"393\" height=\"205\" src=\"https:\/\/biotasintese.iea.usp.br\/wp-content\/uploads\/2022\/04\/BIOTA-SINTESE-o-programa-imagem-2.jpg\" class=\"vc_single_image-img attachment-full\" alt=\"\" title=\"BIOTA SINTESE - o programa - imagem 2\" \/><\/div>\r\n\t\t<\/div>\r\n\t<\/div>\r\n\r\n\t<div class=\"wpb_single_image wpb_content_element vc_align_center wpb_content_element   p-0 mt-5 mb-5 custom-generic-pos-1 custom-box-shadow-3 wpb_custom_81a4f7ef9830bf958462581aa01150fb\" data-appear-animation=\"fadeIn\" data-appear-animation-delay=\"500\"><div class=\"wpb_wrapper\">\r\n\t\t\t\r\n\t\t\t<div class=\"vc_single_image-wrapper   vc_box_border_grey\"><img loading=\"lazy\" decoding=\"async\" width=\"291\" height=\"245\" src=\"https:\/\/biotasintese.iea.usp.br\/wp-content\/uploads\/2022\/04\/BIOTA-SINTESE-o-programa-imagem-1.jpg\" class=\"vc_single_image-img attachment-full\" alt=\"\" title=\"BIOTA SINTESE - o programa - imagem 1\" \/><\/div>\r\n\t\t<\/div>\r\n\t<\/div>\r\n<\/div><\/div><\/div><\/div><\/div><div class=\"vc_row wpb_row vc_inner pt-4 pt-sm-0 vc_column-gap-20 mx-0\"><div class=\"porto-wrap-container container\"><div class=\"row vc_column-gap-20\"><div class=\"vc_column_container col-md-8 col-lg-9\" data-appear-animation=\"fadeInUp\" data-appear-animation-delay=\"600\"><div class=\"wpb_wrapper vc_column-inner\"><div class=\"porto-faqs porto-faqsj9f3 wpb_content_element\">\r\n\t<div class=\"page-faqs clearfix wpb_custom_7fe7ddf8f1a240d6488c8a8c41279112\" id=\"porto_faqs_valf\">\r\n\r\n\t\t\r\n\t\t\r\n\t\t<div class=\"faq-row faqs-container\">\r\n\t\t\t\r\n<div class=\"faq post-504 type-faq status-publish hentry\">\r\n\t<section class=\"toggle\">\r\n\t\t<label>Foco do BIOTA S\u00cdNTESE e apresenta\u00e7\u00e3o do problema<\/label>\r\n\t\t<div class=\"toggle-content\">\r\n\t\t<h3 class=\"entry-title\" style=\"display: none;\">Foco do BIOTA S\u00cdNTESE e apresenta\u00e7\u00e3o do problema<\/h3><span class=\"vcard\" style=\"display: none;\"><span class=\"fn\"><a href=\"https:\/\/biotasintese.iea.usp.br\/pt\/author\/biota-s-suporte\/\" title=\"Posts de BIOTA-S-Suporte\" rel=\"author\">BIOTA-S-Suporte<\/a><\/span><\/span><span class=\"updated\" style=\"display:none\">2022-04-04T16:52:19-03:00<\/span>\n<p>O objetivo do N\u00facleo \u00e9 fomentar pesquisas voltadas para a s\u00edntese de conhecimentos relacionados a \"solu\u00e7\u00f5es baseadas na natureza\", permitindo orientar pol\u00edticas socioambientais, p\u00fablicas e privadas.<\/p>\n\n\n\n<p>Esta proposta est\u00e1 organizada em <strong>duas miss\u00f5es principais<\/strong> (promover a sustentabilidade em \u00e1reas rurais e urbanas), <strong>quatro desafios tem\u00e1ticos<\/strong> (Poliniza\u00e7\u00e3o e controle de pragas, Restaura\u00e7\u00e3o e economia de base florestal, Regula\u00e7\u00e3o de doen\u00e7as zoon\u00f3ticas e Preven\u00e7\u00e3o de doen\u00e7as cr\u00f4nicas n\u00e3o transmiss\u00edveis e mentais nas cidades), <strong>um grande desafio<\/strong> (mudan\u00e7as clim\u00e1ticas) e <strong>um desafio transversal<\/strong> (estabelecimento de pol\u00edticas p\u00fablicas eficazes) (Figura 1).<\/p>\n\n\n\n<p>Consideramos explicitamente as demandas das Secretarias de Infraestrutura e Meio Ambiente, Sa\u00fade e Agricultura do estado de S\u00e3o Paulo, buscando as melhores solu\u00e7\u00f5es baseadas em servi\u00e7os ecossist\u00eamicos<em>, <\/em>e sempre embasadas nas melhores evid\u00eancias cient\u00edficas existentes.<\/p>\n\n\n\n<p>Seguindo os princ\u00edpios da <strong>ci\u00eancia da s\u00edntese<\/strong>, nossa abordagem se baseia na an\u00e1lise, modelagem e s\u00edntese de dados predominantemente j\u00e1 existentes e no trabalho de equipes compostas por diversos atores, que atuam de forma transdisciplinar, colaborativa, inclusiva e de forma transparente.<\/p>\n\t\t<\/div>\r\n\t<\/section>\r\n<\/div>\r\n\t\t<\/div>\r\n\r\n\t\t\r\n\t<\/div>\r\n\r\n\t\r\n\t<\/div><\/div><\/div><div class=\"custom-res-align vc_column_container col-md-4 col-lg-3\"><div class=\"wpb_wrapper vc_column-inner\"><h3 style=\"font-size: 23.1px;line-height: 24px;font-weight:600;letter-spacing:-1.155px\" data-appear-animation=\"fadeInUp\" data-appear-animation-delay=\"700\" class=\"vc_custom_heading vc_do_custom_heading mb-3 text-color-dark text-center text-md-start wpb_custom_aa365bd5046e8294520b4e73732b9d15 align-left\" >A Equipe por tr\u00e1s do Projeto<\/h3><p  data-appear-animation=\"fadeInUp\" data-appear-animation-delay=\"800\" class=\"vc_custom_heading vc_do_custom_heading pb-1 mb-2 text-center text-md-start wpb_custom_aa365bd5046e8294520b4e73732b9d15 align-left\" >Conhe\u00e7a os pesquisadores trabalhando no BIOTA S\u00cdNTESE<\/p><div class=\"vc_btn3-container  custom-btn-style-1 mb-3 vc_btn3-inline vc_do_btn\" >\r\n\t<a  data-appear-animation=\"fadeInLeft\"  data-appear-animation-delay=\"1000\" class=\"vc_btn3 vc_btn3-shape-default wpb_custom_6687b26f39488ddbb85ddb3c1ce8e111 btn btn-md btn-dark\" style=\"font-size:0.9625rem; font-weight:600; padding:12px 28px;\" href=\"\/pt\/biota-sintese-team\/\" title=\"Equipe\" target=\"_blank\">Equipe<\/a>\t<\/div>\r\n<div class=\"porto-separator   my-4\"><hr class=\"separator-line  wpb_content_element align_center\" style=\"background-image: -webkit-linear-gradient(left, transparent, rgba(255,255,255,0.06), transparent); background-image: linear-gradient(to right, transparent, rgba(255,255,255,0.06), transparent);\"><\/div><h3 style=\"font-size: 23.1px;line-height: 24px;font-weight:600;letter-spacing:-1.155px\" data-appear-animation=\"fadeInUp\" data-appear-animation-delay=\"1100\" class=\"vc_custom_heading vc_do_custom_heading pt-2 mb-3 text-color-dark text-center text-md-start wpb_custom_aa365bd5046e8294520b4e73732b9d15 align-left\" >Biblioteca Virtual FAPESP<\/h3><p  data-appear-animation=\"fadeInUp\" data-appear-animation-delay=\"1200\" class=\"vc_custom_heading vc_do_custom_heading pb-1 mb-3 text-center text-md-start wpb_custom_aa365bd5046e8294520b4e73732b9d15 align-left\" >Fonte oficial de informa\u00e7\u00f5es sobre o Projeto<\/p><div class=\"vc_btn3-container  custom-btn-style-1 custom-btn-primary mb-5 mb-md-0 vc_btn3-inline vc_do_btn\" >\r\n\t<a  data-appear-animation=\"fadeInLeft\"  data-appear-animation-delay=\"1400\" class=\"vc_btn3 vc_btn3-shape-default wpb_custom_6687b26f39488ddbb85ddb3c1ce8e111 btn btn-md btn-primary\" style=\"font-size:0.9625rem; font-weight:600; padding:12px 28px;\" href=\"https:\/\/bv.fapesp.br\/pt\/auxilios\/109281\/biota-sintese-nucleo-de-analise-e-sintese-de-solucoes-baseadas-na-natureza\/\" title=\"Biblioteca Virtual FAPESP\" target=\"_blank\">Acesse aqui<\/a>\t<\/div>\r\n<\/div><\/div><\/div><\/div><\/div><\/div><\/div><\/div><div class=\"vc_row wpb_row row top-row wpb_custom_034b39d9bc6c6b310d69e39f0ccf274f\"><div class=\"vc_column_container col-md-12\"><div class=\"wpb_wrapper vc_column-inner\"><\/div><\/div><\/div>\n<\/div>","protected":false},"excerpt":{"rendered":"The goal of the Nucleus is to foster research focused on the synthesis of knowledge related to \"nature-based solutions\", allowing guiding public and private socio-environmental policies. This proposal is organized into two main missions (foster sustainability in rural and urban areas), four thematic challenges (pollination, restoration, and forest-based economics, regulation of zoonotic diseases and prevention [...]","protected":false},"author":1,"featured_media":0,"parent":0,"menu_order":0,"comment_status":"closed","ping_status":"closed","template":"","meta":{"footnotes":""},"class_list":["post-31","page","type-page","status-publish","hentry"],"aioseo_notices":[],"_links":{"self":[{"href":"https:\/\/biotasintese.iea.usp.br\/pt\/wp-json\/wp\/v2\/pages\/31","targetHints":{"allow":["GET"]}}],"collection":[{"href":"https:\/\/biotasintese.iea.usp.br\/pt\/wp-json\/wp\/v2\/pages"}],"about":[{"href":"https:\/\/biotasintese.iea.usp.br\/pt\/wp-json\/wp\/v2\/types\/page"}],"author":[{"embeddable":true,"href":"https:\/\/biotasintese.iea.usp.br\/pt\/wp-json\/wp\/v2\/users\/1"}],"replies":[{"embeddable":true,"href":"https:\/\/biotasintese.iea.usp.br\/pt\/wp-json\/wp\/v2\/comments?post=31"}],"version-history":[{"count":13,"href":"https:\/\/biotasintese.iea.usp.br\/pt\/wp-json\/wp\/v2\/pages\/31\/revisions"}],"predecessor-version":[{"id":1548,"href":"https:\/\/biotasintese.iea.usp.br\/pt\/wp-json\/wp\/v2\/pages\/31\/revisions\/1548"}],"wp:attachment":[{"href":"https:\/\/biotasintese.iea.usp.br\/pt\/wp-json\/wp\/v2\/media?parent=31"}],"curies":[{"name":"wp","href":"https:\/\/api.w.org\/{rel}","templated":true}]}}