{"id":17,"date":"2021-02-10T02:36:51","date_gmt":"2021-02-10T02:36:51","guid":{"rendered":"http:\/\/sw-themes.com\/porto_dummy\/?page_id=17"},"modified":"2022-02-07T10:47:23","modified_gmt":"2022-02-07T13:47:23","slug":"areas-de-estudo","status":"publish","type":"page","link":"https:\/\/biotasintese.iea.usp.br\/pt\/areas-de-estudo\/","title":{"rendered":"\u00c1reas de Estudo"},"content":{"rendered":"<div class=\"wpb-content-wrapper\"><div class=\"vc_row wpb_row top-row pt-3 mt-4 mb-5 pb-4 porto-inner-container wpb_custom_034b39d9bc6c6b310d69e39f0ccf274f\"><div class=\"porto-wrap-container container\"><div class=\"row\"><div class=\"vc_column_container col-md-12\"><div class=\"wpb_wrapper vc_column-inner\"><h2 style=\"font-size: 35px;line-height: 1.3;letter-spacing:-1.75px\" data-appear-animation=\"fadeInUp\" data-appear-animation-delay=\"250\" class=\"vc_custom_heading vc_do_custom_heading font-weight-semibold mb-4 mb-lg-3 mb-xl-4 wpb_custom_aa365bd5046e8294520b4e73732b9d15 align-left\" >Confira nossas \u00e1reas de atua\u00e7\u00e3o<\/h2><p style=\"font-size: 15.4px\" data-appear-animation=\"fadeInUp\" data-appear-animation-delay=\"500\" class=\"vc_custom_heading vc_do_custom_heading pb-3 wpb_custom_aa365bd5046e8294520b4e73732b9d15 align-left\" >Al\u00e9m da abordagem colaborativa e do foco em solu\u00e7\u00f5es baseadas na natureza, os diferentes grupos de s\u00edntese ser\u00e3o integrados diante de um desafio mais amplo, as mudan\u00e7as clim\u00e1ticas, que impacta todos os desafios tem\u00e1tico abordados. Como a atua\u00e7\u00e3o destes grupos ser\u00e1 sempre no formato de coprodu\u00e7\u00e3o de ideias e solu\u00e7\u00f5es, valorizando tanto o conhecimento cient\u00edfico como a experi\u00eancia t\u00e9cnica e as pr\u00e1ticas de atua\u00e7\u00e3o, estas solu\u00e7\u00f5es t\u00eam uma alta probabilidade de serem transformadas em a\u00e7\u00f5es e pol\u00edticas p\u00fablicas no \u00e2mbito do governo estadual. <\/p><div class=\"vc_row wpb_row vc_inner row pt-4\" data-appear-animation=\"fadeInUp\" data-appear-animation-delay=\"750\"><div class=\"mb-4 mb-lg-0 vc_column_container col-md-5 col-lg-3\"><div class=\"wpb_wrapper vc_column-inner\">\r\n\t<div class=\"wpb_single_image wpb_content_element vc_align_center wpb_content_element  vc_custom_1644239474618  custom-box-shadow-logo mwx-140 mb-0 wpb_custom_81a4f7ef9830bf958462581aa01150fb\"><div class=\"wpb_wrapper\">\r\n\t\t\t\r\n\t\t\t<div class=\"vc_single_image-wrapper   vc_box_border_grey\"><img loading=\"lazy\" decoding=\"async\" width=\"613\" height=\"704\" src=\"https:\/\/biotasintese.iea.usp.br\/wp-content\/uploads\/2022\/01\/BIOTA-SINTESE-imagem-inicial-lateral-A-1.png\" class=\"vc_single_image-img attachment-full\" alt=\"\" title=\"BIOTA SINTESE - imagem inicial - lateral A (1)\" srcset=\"https:\/\/biotasintese.iea.usp.br\/wp-content\/uploads\/2022\/01\/BIOTA-SINTESE-imagem-inicial-lateral-A-1.png 613w, https:\/\/biotasintese.iea.usp.br\/wp-content\/uploads\/2022\/01\/BIOTA-SINTESE-imagem-inicial-lateral-A-1-400x459.png 400w\" sizes=\"auto, (max-width: 613px) 100vw, 613px\" \/><\/div>\r\n\t\t<\/div>\r\n\t<\/div>\r\n<\/div><\/div><div class=\"mb-4 mb-lg-0 vc_column_container col-md-7 col-lg-4\"><div class=\"wpb_wrapper vc_column-inner\"><div class=\"porto-u-heading mb-0 custom-heading-mb  wpb_custom_95aa9a11c17ad45cfabaf210d84ee7cc porto-u-ad87e2eaf3f9c495180fe0156ddf3eb0\"><div class=\"porto-u-main-heading\"><h2   style=\"font-weight:300;color:#f04c23;margin-bottom: 16px;font-size:23.1px;line-height:42px;letter-spacing:-1.155px;\"><strong>Desafio 1 :<\/strong> Sustentabilidade e uso eficiente das terras<\/h2><\/div><div class=\"porto-u-sub-heading\" style=\"\">\n<ul class=\"list list-unstyled mb-0\">\n<li><strong class=\"font-weight-semibold text-color-dark\">Atividade 1: <\/strong>Revis\u00e3o da literatura sobre os principais preditores da distribui\u00e7\u00e3o de esp\u00e9cies de polinizadores<\/li>\n<li><strong class=\"font-weight-semibold text-color-dark\">Atividade 2:<\/strong>Levantamento dos registros de ocorr\u00eancia dos polinizadores nativos a partir de bancos de dados de ocorr\u00eancia de esp\u00e9cies de acesso livre<\/li>\n<li><strong class=\"font-weight-semibold text-color-dark\">Atividade 3:<\/strong>Implementa\u00e7\u00e3o de modelos preditivos de distribui\u00e7\u00e3o dos polinizadores levantados nas atividades anteriores<\/li>\n<li><strong class=\"font-weight-semibold text-color-dark\">Atividade 4:<\/strong>Delimita\u00e7\u00e3o de \u00e1reas priorit\u00e1rias para o manejo dos servi\u00e7os de poliniza\u00e7\u00e3o para a conserva\u00e7\u00e3o da biodiversidade e agricultura e formula\u00e7\u00e3o de instrumentos de gest\u00e3o p\u00fablica<\/li>\n<li><strong>Atividade 5<\/strong>: Aplicar os modelos a cen\u00e1rios de mudan\u00e7as clim\u00e1ticas e uso da terra e formular instrumentos de gest\u00e3o associados<\/li>\n<\/ul>\n<p><\/div><style>.porto-u-ad87e2eaf3f9c495180fe0156ddf3eb0.porto-u-heading{text-align:left}<\/style><\/div><\/div><\/div><div class=\"custom-plugin-readmore vc_column_container col-md-12 col-lg-5\"><div class=\"wpb_wrapper vc_column-inner\"><p  class=\"vc_custom_heading vc_do_custom_heading wpb_custom_aa365bd5046e8294520b4e73732b9d15 align-left\" >No estado de S\u00e3o Paulo, seis dos dez cultivos mais rent\u00e1veis s\u00e3o dependentes dos servi\u00e7os de poliniza\u00e7\u00e3o (Giannini et al. 2015), tais como soja, caf\u00e9 e laranja, e seu correto manejo pode representar um incremento na ordem de R$ 4 bilh\u00f5es no valor da produ\u00e7\u00e3o anual paulista. <\/p><p  class=\"vc_custom_heading vc_do_custom_heading wpb_custom_aa365bd5046e8294520b4e73732b9d15 align-left\" >A poliniza\u00e7\u00e3o tamb\u00e9m \u00e9 essencial para a preserva\u00e7\u00e3o da diversidade biol\u00f3gica em \u00e1reas naturais e \u00e1reas verdes urbanas, contribuindo indiretamente com a qualidade de vida de popula\u00e7\u00f5es humanas. No entanto, mudan\u00e7as clim\u00e1ticas, uso de agrot\u00f3xicos e ocupa\u00e7\u00e3o inadequada dos espa\u00e7os rurais e urbanos podem comprometer a poliniza\u00e7\u00e3o, uma vez que essas atividades levam a homogeneiza\u00e7\u00e3o das paisagens, uma das principais causas de decl\u00ednio das comunidades de polinizadores (Stein, Gerstner, and Kreft 2014; Viana 2012).<\/p><p  class=\"vc_custom_heading vc_do_custom_heading wpb_custom_aa365bd5046e8294520b4e73732b9d15 align-left\" >Para garantir a provis\u00e3o a longo prazo dos servi\u00e7os de poliniza\u00e7\u00e3o de forma a contribuir com a conserva\u00e7\u00e3o da biodiversidade, o aumento de qualidade de vida humana e uma produ\u00e7\u00e3o agr\u00edcola sustent\u00e1vel, propomos utilizar modelos de base cient\u00edfica para identificar pr\u00e1ticas ambientalmente mais amig\u00e1veis aos polinizadores. Isso envolve o manejo territorial mais eficiente, o estabelecimento de Unidades de Conserva\u00e7\u00e3o (UCs) e outros tipos de uso da terra (tais como SAF ou cultivos mais amig\u00e1veis, intercalando monoculturas) e a manuten\u00e7\u00e3o dos servi\u00e7os de poliniza\u00e7\u00e3o em um contexto de mudan\u00e7as clim\u00e1ticas. Essas pr\u00e1ticas podem subsidiar o desenvolvimento de pol\u00edticas p\u00fablicas com diretrizes claras para o planejamento de \u00e1reas protegidas e gerenciamento do uso da terra a m\u00e9dio e longo prazo (Mastrangelo et al. 2014; Steffan-Dewenter et al. 2007; UNEP 2011).<\/p><div class=\"vc_btn3-container  readmore-button-wrapper d-none bg-white mb-0 ms-3 vc_btn3-inline vc_do_btn\" >\r\n\t<button class=\"vc_general vc_btn3 vc_btn3-size-md vc_btn3-shape-default vc_btn3-style-custom wpb_custom_6687b26f39488ddbb85ddb3c1ce8e111 vc_btn3-icon-right btn\" style=\"background-color:#ffffff; color:#f04c23; background-color:#ffffff; color:#f04c23; font-size:14px; padding:0px 0px;\">Saiba mais <i class=\"vc_btn3-icon fas fa-chevron-down\"><\/i><\/button>\t<\/div>\r\n<\/div><\/div><\/div><div class=\"porto-separator   py-5 mb-0\"><hr class=\"separator-line  vc_custom_1613684404056 wpb_content_element align_center\" style=\"background-image: -webkit-linear-gradient(left, transparent, rgba(255,255,255,0.06), transparent); background-image: linear-gradient(to right, transparent, rgba(255,255,255,0.06), transparent);\"><\/div><div class=\"vc_row wpb_row vc_inner row\" data-appear-animation=\"fadeInUp\" data-appear-animation-delay=\"750\"><div class=\"mb-4 mb-lg-0 vc_column_container col-md-5 col-lg-3\"><div class=\"wpb_wrapper vc_column-inner\">\r\n\t<div class=\"wpb_single_image wpb_content_element vc_align_center wpb_content_element  vc_custom_1644241580183  custom-box-shadow-logo mwx-140 mb-0 wpb_custom_81a4f7ef9830bf958462581aa01150fb\"><div class=\"wpb_wrapper\">\r\n\t\t\t\r\n\t\t\t<div class=\"vc_single_image-wrapper   vc_box_border_grey\"><img loading=\"lazy\" decoding=\"async\" width=\"140\" height=\"317\" src=\"https:\/\/biotasintese.iea.usp.br\/wp-content\/uploads\/2022\/02\/BIOTA-SINTESE-areas-de-atuacao-icone-2.jpg\" class=\"vc_single_image-img attachment-full\" alt=\"\" title=\"BIOTA SINTESE - areas de atuacao - icone 2\" \/><\/div>\r\n\t\t<\/div>\r\n\t<\/div>\r\n<\/div><\/div><div class=\"mb-4 mb-lg-0 vc_column_container col-md-7 col-lg-4\"><div class=\"wpb_wrapper vc_column-inner\"><div class=\"porto-u-heading mb-0 custom-heading-mb  wpb_custom_95aa9a11c17ad45cfabaf210d84ee7cc porto-u-ad87e2eaf3f9c495180fe0156ddf3eb0\"><div class=\"porto-u-main-heading\"><h2   style=\"font-weight:300;color:#f04c23;margin-bottom: 16px;font-size:23.1px;line-height:42px;letter-spacing:-1.155px;\"><strong>Desafio 2 :<\/strong> Restaura\u00e7\u00e3o de paisagens florestais e economia de base florestal<\/h2><\/div><div class=\"porto-u-sub-heading\" style=\"\">\n<ul class=\"list list-unstyled mb-0\">\n<li><strong class=\"font-weight-semibold text-color-dark\">Meta 1:<\/strong>Revis\u00e3o de literatura sobre a multifuncionalidade de diferentes tipos de uso da terra<\/li>\n<li><strong class=\"font-weight-semibold text-color-dark\">Meta 2: <\/strong>Revis\u00e3o da literatura sobre os fatores que impactam as demandas pela restaura\u00e7\u00e3o de ecossistemas nativos e gera\u00e7\u00e3o de produtos florestais<\/li>\n<li><strong class=\"font-weight-semibold text-color-dark\">Meta 3:\u00a0<\/strong>Compilar as informa\u00e7\u00f5es dispon\u00edveis (bancos de dados, mapas, sistemas)<\/li>\n<li><strong class=\"font-weight-semibold text-color-dark\">Meta 4:\u00a0<\/strong>Levantamento de pol\u00edticas p\u00fablicas, instrumentos legais e programas privados para a restaura\u00e7\u00e3o de ecossistemas nativos e produ\u00e7\u00e3o florestal<\/li>\n<li><strong>Meta 5<\/strong>: Harmonizar a estrutura dos bancos de dados espaciais<\/li>\n<li><strong>Meta 6<\/strong>: Aprimoramento e integra\u00e7\u00e3o de bases de dados geoespaciais sobre a Flora Paulista nos sistemas estaduais de gest\u00e3o ambiental<\/li>\n<\/ul>\n<p><\/div><style>.porto-u-ad87e2eaf3f9c495180fe0156ddf3eb0.porto-u-heading{text-align:left}<\/style><\/div><\/div><\/div><div class=\"custom-plugin-readmore vc_column_container col-md-12 col-lg-5\"><div class=\"wpb_wrapper vc_column-inner\"><p  class=\"vc_custom_heading vc_do_custom_heading wpb_custom_aa365bd5046e8294520b4e73732b9d15 align-left\" >S\u00e3o Paulo concentra um dos maiores d\u00e9ficits de vegeta\u00e7\u00e3o nativa de acordo com a Lei de Prote\u00e7\u00e3o da Vegeta\u00e7\u00e3o Nativa, estimados em 700.000 hectares para \u00c1reas de Preserva\u00e7\u00e3o Permanente e 865.000 hectares de Reservas Legais. <\/p><p  class=\"vc_custom_heading vc_do_custom_heading wpb_custom_aa365bd5046e8294520b4e73732b9d15 align-left\" >Por outro lado, o Estado possui as maiores \u00e1reas cont\u00ednuas da Mata Atl\u00e2ntica e algumas das maiores \u00e1reas de planta\u00e7\u00f5es de eucalipto, pinus e seringueira, bem como condi\u00e7\u00f5es adequadas para a expans\u00e3o de outras esp\u00e9cies comerciais de \u00e1rvores. Torna-se necess\u00e1rio hoje unir esses dois extremos por meio da restaura\u00e7\u00e3o de paisagens florestais, que \u00e9 uma abordagem poderosa para integrar restaura\u00e7\u00e3o, conserva\u00e7\u00e3o e silvicultura em paisagens degradadas e desmatadas (Chazdon et al. 2017). <\/p><p  class=\"vc_custom_heading vc_do_custom_heading wpb_custom_aa365bd5046e8294520b4e73732b9d15 align-left\" >Essa abordagem pode ajudar os produtores rurais a cumprir a legisla\u00e7\u00e3o e, consequentemente, obter vantagens de mercado associadas \u00e0 certifica\u00e7\u00e3o, acordos setoriais com demandas ambientais e melhor acesso aos servi\u00e7os financeiros rurais, al\u00e9m de melhorar a presta\u00e7\u00e3o de servi\u00e7os ecossist\u00eamicos cr\u00edticos para a produ\u00e7\u00e3o agr\u00edcola e o bem-estar humano, como poliniza\u00e7\u00e3o de culturas, prote\u00e7\u00e3o do solo, purifica\u00e7\u00e3o de \u00e1gua e mitiga\u00e7\u00e3o das mudan\u00e7as clim\u00e1ticas, e para conservar a biodiversidade rica e altamente amea\u00e7ada do Estado (Joly et al. 2010). O reflorestamento com esp\u00e9cies comerciais tamb\u00e9m pode constituir uma nova atividade econ\u00f4mica no Estado, contribuindo para a gera\u00e7\u00e3o de produtos florestais madeireiros e n\u00e3o madeireiros a partir de esp\u00e9cies nativas e esp\u00e9cies ex\u00f3ticas valorizadas pelo mercado, sendo um uso atraente da terra para as vastas \u00e1reas marginais para a agricultura mecanizada, que t\u00eam sido abandonadas ou mantidas com pecu\u00e1ria extensiva ap\u00f3s a r\u00e1pida expans\u00e3o da cana-de-a\u00e7\u00facar no Estado. O estabelecimento de florestas de uso m\u00faltiplo, que permitam a obten\u00e7\u00e3o de renda pelos produtores rurais ao mesmo tempo em que forne\u00e7am servi\u00e7os ecossist\u00eamicos essenciais para a sociedade, \u00e9 certamente um caminho promissor.<\/p><div class=\"vc_btn3-container  readmore-button-wrapper d-none bg-white mb-0 ms-3 vc_btn3-inline vc_do_btn\" >\r\n\t<button class=\"vc_general vc_btn3 vc_btn3-size-md vc_btn3-shape-default vc_btn3-style-custom wpb_custom_6687b26f39488ddbb85ddb3c1ce8e111 vc_btn3-icon-right btn\" style=\"background-color:#ffffff; color:#f04c23; background-color:#ffffff; color:#f04c23; font-size:14px; padding:0px 0px;\">Saiba mais <i class=\"vc_btn3-icon fas fa-chevron-down\"><\/i><\/button>\t<\/div>\r\n<\/div><\/div><\/div><\/div><\/div><\/div><\/div><\/div><div class=\"vc_row wpb_row top-row position-relative overflow-hidden custom-banner-size vc_custom_1613432962838 vc_row-has-fill porto-inner-container wpb_custom_034b39d9bc6c6b310d69e39f0ccf274f\"><div class=\"porto-wrap-container container\"><div class=\"row\"><div class=\"position-static pb-5 mb-5 vc_column_container col-md-12\"><div class=\"wpb_wrapper vc_column-inner\">\n\t<div class=\"wpb_raw_code wpb_raw_html wpb_content_element shape-divider shape-divider-reverse h-102 z-index-3\" >\n\t\t<div class=\"wpb_wrapper\">\n\t\t\t<svg version=\"1.1\" xmlns=\"http:\/\/www.w3.org\/2000\/svg\" xmlns:xlink=\"http:\/\/www.w3.org\/1999\/xlink\" x=\"0px\" y=\"0px\" viewbox=\"0 0 1920 102\" preserveaspectratio=\"none\">\n    <polygon fill=\"#F3F3F3\" points=\"0,65 220,35 562,63 931,10 1410,68 1920,16 1920,103 0,103 \"><\/polygon>\n    <polygon fill=\"#FFF\" points=\"0,82 219,51 562,78 931,26 1409,83 1920,32 1920,103 0,103 \"><\/polygon>\n<\/svg>\n\t\t<\/div>\n\t<\/div>\n<\/div><\/div><div class=\"py-4 my-2 ms-md-3 ms-lg-0 vc_column_container col-md-7 col-lg-8\"><div class=\"wpb_wrapper vc_column-inner\"><h4 style=\"font-size: 16.8px;line-height: 1.5;letter-spacing:2.5px\" data-appear-animation=\"fadeInUp\" data-appear-animation-delay=\"100\" class=\"vc_custom_heading vc_do_custom_heading custom-highlight-1 custom-weight-1 text-primary mb-2 wpb_custom_aa365bd5046e8294520b4e73732b9d15 align-left\" ><strong>PARTICIPE<\/strong><\/h4><h3 style=\"font-size: 35px;line-height: 1.3;font-weight:500;letter-spacing:0\" data-appear-animation=\"fadeInUp\" data-appear-animation-delay=\"250\" class=\"vc_custom_heading vc_do_custom_heading text-white mb-3 pb-1 wpb_custom_aa365bd5046e8294520b4e73732b9d15 align-left\" >Voc\u00ea tamb\u00e9m pode contribuir com os estudos do programa BIOTA S\u00edntese<\/h3><p style=\"font-size: 15.4px\" data-appear-animation=\"fadeInUp\" data-appear-animation-delay=\"500\" class=\"vc_custom_heading vc_do_custom_heading pb-3 mb-4 wpb_custom_aa365bd5046e8294520b4e73732b9d15 align-left\" >Cras a elit sit amet leo accumsan volutpat. Suspendisse hendreriast ehicula leo, vel efficitur felis ultrices non. Cras a elit sit amet.<\/p><\/div><\/div><div class=\"overlay-color-primary custom-overlay custom-contact h-100 d-none d-md-block vc_column_container col-md-6 vc_custom_1644240598295\"><div class=\"wpb_wrapper vc_column-inner\"><\/div><\/div><\/div><\/div><\/div>\n<\/div>","protected":false},"excerpt":{"rendered":"Confira nossas \u00e1reas de atua\u00e7\u00e3oAl\u00e9m da abordagem colaborativa e do foco em solu\u00e7\u00f5es baseadas na natureza, os diferentes grupos de s\u00edntese ser\u00e3o integrados diante de um desafio mais amplo, as mudan\u00e7as clim\u00e1ticas, que impacta todos os desafios tem\u00e1tico abordados. Como a atua\u00e7\u00e3o destes grupos ser\u00e1 sempre no formato de coprodu\u00e7\u00e3o de ideias e solu\u00e7\u00f5es, valorizando [...]","protected":false},"author":1,"featured_media":0,"parent":0,"menu_order":0,"comment_status":"closed","ping_status":"closed","template":"","meta":{"footnotes":""},"class_list":["post-17","page","type-page","status-publish","hentry"],"aioseo_notices":[],"_links":{"self":[{"href":"https:\/\/biotasintese.iea.usp.br\/pt\/wp-json\/wp\/v2\/pages\/17","targetHints":{"allow":["GET"]}}],"collection":[{"href":"https:\/\/biotasintese.iea.usp.br\/pt\/wp-json\/wp\/v2\/pages"}],"about":[{"href":"https:\/\/biotasintese.iea.usp.br\/pt\/wp-json\/wp\/v2\/types\/page"}],"author":[{"embeddable":true,"href":"https:\/\/biotasintese.iea.usp.br\/pt\/wp-json\/wp\/v2\/users\/1"}],"replies":[{"embeddable":true,"href":"https:\/\/biotasintese.iea.usp.br\/pt\/wp-json\/wp\/v2\/comments?post=17"}],"version-history":[{"count":3,"href":"https:\/\/biotasintese.iea.usp.br\/pt\/wp-json\/wp\/v2\/pages\/17\/revisions"}],"predecessor-version":[{"id":692,"href":"https:\/\/biotasintese.iea.usp.br\/pt\/wp-json\/wp\/v2\/pages\/17\/revisions\/692"}],"wp:attachment":[{"href":"https:\/\/biotasintese.iea.usp.br\/pt\/wp-json\/wp\/v2\/media?parent=17"}],"curies":[{"name":"wp","href":"https:\/\/api.w.org\/{rel}","templated":true}]}}