{"id":149,"date":"2021-02-11T01:45:31","date_gmt":"2021-02-11T01:45:31","guid":{"rendered":"http:\/\/sw-themes.com\/porto_dummy\/?page_id=149"},"modified":"2022-10-21T16:26:50","modified_gmt":"2022-10-21T19:26:50","slug":"contact-us","status":"publish","type":"page","link":"https:\/\/biotasintese.iea.usp.br\/pt\/contact-us\/","title":{"rendered":"Contato"},"content":{"rendered":"<div class=\"wpb-content-wrapper\"><div class=\"vc_row wpb_row row top-row vc_custom_1649164784296 wpb_custom_034b39d9bc6c6b310d69e39f0ccf274f\"><div class=\"vc_column_container col-md-6\"><div class=\"wpb_wrapper vc_column-inner\">\r\n\t<div class=\"wpb_single_image wpb_content_element vc_align_center wpb_content_element  wpb_custom_81a4f7ef9830bf958462581aa01150fb\" data-appear-animation=\"fadeInUp\" data-appear-animation-duration=\"2000\"><div class=\"wpb_wrapper\">\r\n\t\t\t\r\n\t\t\t<a href=\"http:\/\/www.iea.usp.br\/\" target=\"_blank\" aria-label=\"Zoom the image\"><div class=\"vc_single_image-wrapper   vc_box_border_grey\"><img loading=\"lazy\" decoding=\"async\" width=\"300\" height=\"117\" src=\"https:\/\/biotasintese.iea.usp.br\/wp-content\/uploads\/2022\/10\/BIOTA-SINTESE-Parceiros-IEA-USP-logo.jpg\" class=\"vc_single_image-img attachment-full\" alt=\"\" title=\"BIOTA SINTESE - Parceiros - IEA USP logo\" \/><\/div><\/a>\r\n\t\t<\/div>\r\n\t<\/div>\r\n\n\t<div class=\"wpb_raw_code wpb_raw_html wpb_content_element\" >\n\t\t<div class=\"wpb_wrapper\">\n\t\t\t<iframe src=\"https:\/\/www.google.com\/maps\/embed?pb=!1m18!1m12!1m3!1d3657.2034609707653!2d-46.725035484327066!3d-23.56113506747072!2m3!1f0!2f0!3f0!3m2!1i1024!2i768!4f13.1!3m3!1m2!1s0x94ce564715a774cf%3A0x7a6f51c7d025b049!2sInstituto%20de%20Estudos%20Avan%C3%A7ados%20da%20Universidade%20de%20S%C3%A3o%20Paulo%20(IEA-USP)!5e0!3m2!1spt-BR!2sbr!4v1666374653042!5m2!1spt-BR!2sbr\" width=\"100%\" height=\"350\" style=\"border:0;\" allowfullscreen=\"\" loading=\"lazy\" referrerpolicy=\"no-referrer-when-downgrade\"><\/iframe>\n\t\t<\/div>\n\t<\/div>\n<\/div><\/div><div class=\"vc_column_container col-md-6\"><div class=\"wpb_wrapper vc_column-inner\">\r\n\t<div class=\"wpb_single_image wpb_content_element vc_align_center wpb_content_element  wpb_custom_81a4f7ef9830bf958462581aa01150fb\" data-appear-animation=\"fadeInDown\" data-appear-animation-delay=\"600\" data-appear-animation-duration=\"2000\"><div class=\"wpb_wrapper\">\r\n\t\t\t\r\n\t\t\t<a href=\"http:\/\/inova.usp.br\/\" target=\"_blank\" aria-label=\"Zoom the image\"><div class=\"vc_single_image-wrapper   vc_box_border_grey\"><img loading=\"lazy\" decoding=\"async\" width=\"300\" height=\"117\" src=\"https:\/\/biotasintese.iea.usp.br\/wp-content\/uploads\/2022\/10\/BIOTA-SINTESE-Parceiros-INOVA-USP-logo.jpg\" class=\"vc_single_image-img attachment-full\" alt=\"\" title=\"BIOTA SINTESE - Parceiros - INOVA USP logo\" \/><\/div><\/a>\r\n\t\t<\/div>\r\n\t<\/div>\r\n\n\t<div class=\"wpb_raw_code wpb_raw_html wpb_content_element\" >\n\t\t<div class=\"wpb_wrapper\">\n\t\t\t<iframe src=\"https:\/\/www.google.com\/maps\/embed?pb=!1m18!1m12!1m3!1d3657.307695988343!2d-46.729257184327174!3d-23.557390067332413!2m3!1f0!2f0!3f0!3m2!1i1024!2i768!4f13.1!3m3!1m2!1s0x94ce563e1562bc65%3A0x48b71df056177d31!2sINOVA%20USP%20-%20Centro%20de%20Inova%C3%A7%C3%A3o%20da%20USP!5e0!3m2!1spt-BR!2sbr!4v1666374592885!5m2!1spt-BR!2sbr\" width=\"100%\" height=\"350\" style=\"border:0;\" allowfullscreen=\"\" loading=\"lazy\" referrerpolicy=\"no-referrer-when-downgrade\"><\/iframe>\n\t\t<\/div>\n\t<\/div>\n<\/div><\/div><\/div><div class=\"vc_row wpb_row top-row pt-5 mx-3 mx-xl-0 custom-box-1 vc_custom_1666374690283 no-padding vc_row-has-fill porto-inner-container wpb_custom_034b39d9bc6c6b310d69e39f0ccf274f\"><div class=\"porto-wrap-container container\"><div class=\"row\"><div class=\"p-5 bg-white d-flex align-items-center vc_column_container col-md-12 col-lg-6\"><div class=\"wpb_wrapper vc_column-inner\"><div class=\"porto-sicon-box pb-5 mb-4 mt-5 mt-lg-0 flex-column flex-md-row align-items-center justify-content-center pe-lg-4  wpb_custom_860683fe6d5975d7b2cff563f7366f5c style_1 default-icon\"><div class=\"porto-sicon-default\"><div class=\"porto-just-icon-wrapper porto-icon none\" style=\"color:#ed8d3d;font-size:105px;margin-right:16px;\"><i class=\"porto-icon-map-location\"><\/i><\/div><\/div><div class=\"porto-sicon-header\"><h3 class=\"porto-sicon-title\" style=\"font-weight:600;font-size:25.2px;color:#212529;line-height:42px;letter-spacing:-1.26px;\">BIOTA S\u00cdNTESE<\/h3><p style=\"font-size:15.4px;\">Instituto de Estudos Avan\u00e7ados, Universidade de S\u00e3o Paulo, R. do Anfiteatro, 513 - Butant\u00e3, S\u00e3o Paulo - SP, 05508-060<\/p><\/div> <!-- header --><\/div><!-- porto-sicon-box --><div class=\"vc_row wpb_row vc_inner row\"><div class=\"vc_column_container col-md-12\"><div class=\"wpb_wrapper vc_column-inner\"><h3 style=\"font-size: 15.4px;color: #ed8d3d;line-height: 24px;letter-spacing:-0.77px\" class=\"vc_custom_heading vc_do_custom_heading font-weight-semibold mb-0 wpb_custom_aa365bd5046e8294520b4e73732b9d15 align-left\" >ENVIE UM E-MAIL<\/h3><a aria-label=\"biotasintese@usp.br\" class=\"porto-sicon-box-link\" href=\"mailto:biotasintese@usp.br\"><div class=\"porto-sicon-box text-color-hover-primary mb-0 custom-email line-height-xs  wpb_custom_860683fe6d5975d7b2cff563f7366f5c style_1 default-icon\"><div class=\"porto-sicon-default\"><div class=\"porto-just-icon-wrapper porto-icon none\" style=\"font-size:25px;margin-right:8px;\"><i class=\"far fa-question-circle\"><\/i><\/div><\/div><div class=\"porto-sicon-header\"><h3 class=\"porto-sicon-title\" style=\"font-weight:600;font-size:1.44375rem;color:#212529;line-height:20px;letter-spacing:0px;\">biotasintese@usp.br<\/h3><\/div> <!-- header --><\/div><!-- porto-sicon-box --><\/a><\/div><\/div><\/div><\/div><\/div><div class=\"p-5 vc_column_container col-md-12 col-lg-6 vc_custom_1649164769295\"><div class=\"wpb_wrapper vc_column-inner\"><h2 style=\"font-size: 30.8px;font-weight:500;letter-spacing:-1.54px\" class=\"vc_custom_heading vc_do_custom_heading text-color-light font-weight-medium mb-4 mt-5 mt-lg-0 wpb_custom_aa365bd5046e8294520b4e73732b9d15 align-left\" >Complete o formul\u00e1rio abaixo com seus dados; responderemos em breve.<\/h2>\n\t<div class=\"wpb_raw_code wpb_raw_html wpb_content_element\" >\n\t\t<div class=\"wpb_wrapper\">\n\t\t\t<div class=\"forminator-ui forminator-custom-form forminator-custom-form-1011 forminator-design--bold  forminator_ajax\" data-forminator-render=\"0\" data-form=\"forminator-module-1011\" data-uid=\"6a062f64c70a3\"><br\/><\/div><form\n\t\t\t\tid=\"forminator-module-1011\"\n\t\t\t\tclass=\"forminator-ui forminator-custom-form forminator-custom-form-1011 forminator-design--bold  forminator_ajax\"\n\t\t\t\tmethod=\"post\"\n\t\t\t\tdata-forminator-render=\"0\"\n\t\t\t\tdata-form-id=\"1011\"\n\t\t\t\t data-color-option=\"default\" data-design=\"bold\" data-grid=\"open\" style=\"display: none;\"\n\t\t\t\tdata-uid=\"6a062f64c70a3\" action=\"\"\n\t\t\t><div role=\"alert\" aria-live=\"polite\" class=\"forminator-response-message forminator-error\" aria-hidden=\"true\"><\/div><div class=\"forminator-row\"><div id=\"name-1\" class=\"forminator-field-name forminator-col forminator-col-6\"><div class=\"forminator-field\"><label for=\"forminator-field-name-1_6a062f64c70a3\" id=\"forminator-field-name-1_6a062f64c70a3-label\" class=\"forminator-label\">Seu nome <span class=\"forminator-required\">*<\/span><\/label><input type=\"text\" name=\"name-1\" value=\"\" placeholder=\"E.x. John Williams\" id=\"forminator-field-name-1_6a062f64c70a3\" class=\"forminator-input forminator-name--field\" aria-required=\"true\" autocomplete=\"name\" \/><\/div><\/div><div id=\"email-1\" class=\"forminator-field-email forminator-col forminator-col-6\"><div class=\"forminator-field\"><label for=\"forminator-field-email-1_6a062f64c70a3\" id=\"forminator-field-email-1_6a062f64c70a3-label\" class=\"forminator-label\">Endere\u00e7o de e-mail <span class=\"forminator-required\">*<\/span><\/label><input type=\"email\" name=\"email-1\" value=\"\" placeholder=\"E.x. john@doe.com\" id=\"forminator-field-email-1_6a062f64c70a3\" class=\"forminator-input forminator-email--field\" data-required=\"true\" aria-required=\"true\" autocomplete=\"email\" \/><\/div><\/div><\/div><div class=\"forminator-row\"><div id=\"phone-1\" class=\"forminator-field-phone forminator-col forminator-col-6\"><div class=\"forminator-field\"><label for=\"forminator-field-phone-1_6a062f64c70a3\" id=\"forminator-field-phone-1_6a062f64c70a3-label\" class=\"forminator-label\">Telefone\/WhatsApp<\/label><input type=\"text\" name=\"phone-1\" value=\"\" placeholder=\"E.x. +1 3004005000\" id=\"forminator-field-phone-1_6a062f64c70a3\" class=\"forminator-input forminator-field--phone\" data-required=\"\" aria-required=\"false\" autocomplete=\"off\" \/><\/div><\/div><div id=\"url-1\" class=\"forminator-field-url forminator-col forminator-col-6\"><div class=\"forminator-field\"><label for=\"forminator-field-url-1_6a062f64c70a3\" id=\"forminator-field-url-1_6a062f64c70a3-label\" class=\"forminator-label\">Website<\/label><input type=\"url\" name=\"url-1\" value=\"\" placeholder=\"E.x. http:\/\/www.example.com\" id=\"forminator-field-url-1_6a062f64c70a3\" class=\"forminator-input forminator-website--field\" data-required=\"\" aria-required=\"false\" \/><\/div><\/div><\/div><div class=\"forminator-row\"><div id=\"textarea-1\" class=\"forminator-field-textarea forminator-col forminator-col-12\"><div class=\"forminator-field\"><label for=\"forminator-field-textarea-1_6a062f64c70a3\" id=\"forminator-field-textarea-1_6a062f64c70a3-label\" class=\"forminator-label\">Mensagem<\/label><textarea name=\"textarea-1\" placeholder=\"Sua mensagem ao BIOTA S\u00cdNTESE\" id=\"forminator-field-textarea-1_6a062f64c70a3\" class=\"forminator-textarea\" rows=\"6\" style=\"--forminator-textarea-min-height:140px;\" maxlength=\"180\" ><\/textarea><span id=\"forminator-field-textarea-1_6a062f64c70a3-description\" class=\"forminator-description\"><span data-limit=\"180\" data-type=\"characters\" data-editor=\"\">0 \/ 180<\/span><\/span><\/div><\/div><\/div><div class=\"forminator-row\"><div id=\"captcha-1\" class=\"forminator-field-captcha forminator-col forminator-col-12\"><div class=\"forminator-captcha-center forminator-hcaptcha\" data-theme=\"light\"  data-sitekey=\"b4366ed8-3bba-4e80-a0c4-008c93cc9618\" data-size=\"normal\"><\/div> <\/div><\/div><input type=\"hidden\" name=\"referer_url\" value=\"\" \/><div class=\"forminator-row forminator-row-last\"><div class=\"forminator-col\"><div class=\"forminator-field\"><button class=\"forminator-button forminator-button-submit\">Enviar ao BIOTA S\u00cdNTESE<\/button><\/div><\/div><\/div><input type=\"hidden\" id=\"forminator_nonce\" name=\"forminator_nonce\" value=\"dcd1546f5a\" \/><input type=\"hidden\" name=\"_wp_http_referer\" value=\"\/pt\/wp-json\/wp\/v2\/pages\/149\" \/><input type=\"hidden\" name=\"form_id\" value=\"1011\"><input type=\"hidden\" name=\"page_id\" value=\"149\"><input type=\"hidden\" name=\"form_type\" value=\"default\"><input type=\"hidden\" name=\"current_url\" value=\"https:\/\/biotasintese.iea.usp.br\/pt\/contact-us\/\"><input type=\"hidden\" name=\"render_id\" value=\"0\"><input type=\"hidden\" name=\"action\" value=\"forminator_submit_form_custom-forms\"><label for=\"input_6\" class=\"forminator-hidden\" aria-hidden=\"true\">Por favor, n\u00e3o preencha este campo. <input id=\"input_6\" type=\"text\" name=\"input_6\" value=\"\" autocomplete=\"off\"><\/label><input type=\"hidden\" name=\"trp-form-language\" value=\"pt\"\/><\/form>\n\t\t<\/div>\n\t<\/div>\n<\/div><\/div><\/div><\/div><\/div>\n<\/div>","protected":false},"excerpt":{"rendered":"BIOTA S\u00cdNTESEInstituto de Estudos Avan\u00e7ados, Universidade de S\u00e3o Paulo, R. do Anfiteatro, 513 - Butant\u00e3, S\u00e3o Paulo - SP, 05508-060 SEND US AN EMAILbiotasintese@usp.br Please fill in the contact form below and submit it; we\u00b4ll get in touch with you soon. Your name *E-mail address *Phone\/WhatsAppWebsiteMessage0 \/ 180 Send to BIOTA S&Iacute;NTESEPor favor, n\u00e3o preencha [...]","protected":false},"author":1,"featured_media":0,"parent":0,"menu_order":0,"comment_status":"closed","ping_status":"closed","template":"","meta":{"footnotes":""},"class_list":["post-149","page","type-page","status-publish","hentry"],"aioseo_notices":[],"_links":{"self":[{"href":"https:\/\/biotasintese.iea.usp.br\/pt\/wp-json\/wp\/v2\/pages\/149","targetHints":{"allow":["GET"]}}],"collection":[{"href":"https:\/\/biotasintese.iea.usp.br\/pt\/wp-json\/wp\/v2\/pages"}],"about":[{"href":"https:\/\/biotasintese.iea.usp.br\/pt\/wp-json\/wp\/v2\/types\/page"}],"author":[{"embeddable":true,"href":"https:\/\/biotasintese.iea.usp.br\/pt\/wp-json\/wp\/v2\/users\/1"}],"replies":[{"embeddable":true,"href":"https:\/\/biotasintese.iea.usp.br\/pt\/wp-json\/wp\/v2\/comments?post=149"}],"version-history":[{"count":6,"href":"https:\/\/biotasintese.iea.usp.br\/pt\/wp-json\/wp\/v2\/pages\/149\/revisions"}],"predecessor-version":[{"id":1017,"href":"https:\/\/biotasintese.iea.usp.br\/pt\/wp-json\/wp\/v2\/pages\/149\/revisions\/1017"}],"wp:attachment":[{"href":"https:\/\/biotasintese.iea.usp.br\/pt\/wp-json\/wp\/v2\/media?parent=149"}],"curies":[{"name":"wp","href":"https:\/\/api.w.org\/{rel}","templated":true}]}}